{"id":1253,"date":"2025-11-03T09:45:42","date_gmt":"2025-11-03T09:45:42","guid":{"rendered":"https:\/\/gutmannliving.com\/informacion-del-uso-de-cookies\/"},"modified":"2025-12-16T12:21:50","modified_gmt":"2025-12-16T12:21:50","slug":"informacion-del-uso-de-cookies","status":"publish","type":"page","link":"https:\/\/gutmannliving.com\/fr\/informacion-del-uso-de-cookies\/","title":{"rendered":"Informaci\u00f3n del uso de cookies"},"content":{"rendered":"\n<div style=\"height:100px\" aria-hidden=\"true\" class=\"wp-block-spacer\"><\/div>\n\n\n\n<h1 class=\"wp-block-heading has-display-2-font-size\">Informations relatives \u00e0 l\u2019utilisation des cookies<\/h1>\n\n\n\n<h2 class=\"wp-block-heading has-body-font-size\"><strong><strong>Qu\u2019est-ce qu\u2019un cookie ?<\/strong><\/strong><\/h2>\n\n\n\n<p class=\"has-small-font-size\">Les cookies sont de petits fichiers de donn\u00e9es envoy\u00e9s au terminal de l\u2019utilisateur par le site web consult\u00e9. Ils servent \u00e0 enregistrer certaines interactions de navigation sur un site web, en stockant des donn\u00e9es pouvant \u00eatre mises \u00e0 jour et r\u00e9cup\u00e9r\u00e9es ult\u00e9rieurement.<br>Ces fichiers sont stock\u00e9s sur l\u2019ordinateur de l\u2019utilisateur et contiennent des donn\u00e9es anonymes qui ne portent pas atteinte \u00e0 son \u00e9quipement.<\/p>\n\n\n\n<p class=\"has-small-font-size\">Les cookies sont utilis\u00e9s pour m\u00e9moriser les pr\u00e9f\u00e9rences de l\u2019utilisateur, telles que la langue s\u00e9lectionn\u00e9e, les donn\u00e9es d\u2019acc\u00e8s ou la personnalisation de la page. Ils peuvent \u00e9galement \u00eatre utilis\u00e9s pour collecter des informations anonymes sur la mani\u00e8re dont un visiteur utilise un site web, par exemple la page depuis laquelle il a acc\u00e9d\u00e9 au site ou s\u2019il a utilis\u00e9 une banni\u00e8re publicitaire.<\/p>\n\n\n\n<p class=\"has-small-font-size\"><strong>Quel usage faisons-nous des diff\u00e9rents types de cookies ?<\/strong><\/p>\n\n\n\n<p class=\"has-small-font-size\">Ce site web utilise uniquement des <strong>cookies techniques, de personnalisation et d\u2019analyse<\/strong>, propres et de tiers (Google Analytics). En aucun cas ces cookies ne traitent de donn\u00e9es \u00e0 caract\u00e8re personnel ni ne collectent des habitudes de navigation \u00e0 des fins publicitaires.<\/p>\n\n\n\n<p class=\"has-small-font-size\">Conform\u00e9ment \u00e0 l\u2019article 22 de la Loi sur les services de la soci\u00e9t\u00e9 de l\u2019information, lors de l\u2019acc\u00e8s \u00e0 notre site web, votre consentement vous a \u00e9t\u00e9 demand\u00e9 pour l\u2019utilisation de ces cookies.<\/p>\n\n\n\n<p class=\"has-small-font-size\">La fourniture de donn\u00e9es personnelles via notre site et le consentement \u00e0 l\u2019utilisation des cookies requi\u00e8rent un \u00e2ge minimum de <strong>14 ans<\/strong>, ainsi que l\u2019acceptation expresse de notre <strong>Politique de confidentialit\u00e9<\/strong>.<\/p>\n\n\n\n<p class=\"has-small-font-size\"><strong><strong>Selon leur finalit\u00e9<\/strong><\/strong><\/p>\n\n\n\n<figure class=\"wp-block-table has-small-font-size\"><table class=\"has-fixed-layout\"><tbody><tr><td>Cookies analytiques<\/td><td>Les cookies d\u2019analyse sont utilis\u00e9s pour r\u00e9aliser une analyse anonyme du comportement des utilisateurs du site web. Ils permettent de mesurer l\u2019activit\u00e9 des utilisateurs et d\u2019\u00e9laborer des profils de navigation dans le seul but d\u2019am\u00e9liorer le site web.<\/td><\/tr><\/tbody><\/table><\/figure>\n\n\n\n<p class=\"has-small-font-size\"><strong><strong>Selon leur dur\u00e9e<\/strong><\/strong><\/p>\n\n\n\n<figure class=\"wp-block-table has-small-font-size\"><table class=\"has-fixed-layout\"><tbody><tr><td>Cookies de session<\/td><td>Les cookies de session sont actifs uniquement pendant la navigation sur le site web et sont supprim\u00e9s lorsque l\u2019utilisateur ferme son navigateur.<\/td><\/tr><tr><td>Cookies persistants<\/td><td>Les cookies persistants restent stock\u00e9s sur le terminal de l\u2019utilisateur jusqu\u2019\u00e0 leur suppression manuelle ou jusqu\u2019\u00e0 l\u2019expiration de la dur\u00e9e pr\u00e9vue pour chaque cookie.<\/td><\/tr><\/tbody><\/table><\/figure>\n\n\n\n<p class=\"has-small-font-size\"><strong><strong>Selon leur titulaire<\/strong><\/strong><\/p>\n\n\n\n<figure class=\"wp-block-table has-small-font-size\"><table class=\"has-fixed-layout\"><tbody><tr><td>Cookies propres<\/td><td>Il s\u2019agit de cookies envoy\u00e9s au terminal de l\u2019utilisateur depuis un \u00e9quipement ou un domaine g\u00e9r\u00e9 par l\u2019\u00e9diteur du site, \u00e0 partir duquel le service demand\u00e9 est fourni.<\/td><\/tr><tr><td>Cookies de tiers<\/td><td>Il s\u2019agit de cookies envoy\u00e9s au terminal de l\u2019utilisateur depuis un \u00e9quipement ou un domaine qui n\u2019est pas g\u00e9r\u00e9 par l\u2019\u00e9diteur du site, mais par une autre entit\u00e9 qui traite les donn\u00e9es collect\u00e9es via ces cookies.<\/td><\/tr><\/tbody><\/table><\/figure>\n\n\n\n<p class=\"has-small-font-size\"><strong>Le tableau ci-dessous pr\u00e9sente la classification et la description des cookies utilis\u00e9s sur ce site afin que vous puissiez les identifier dans votre navigateur :<\/strong><\/p>\n\n\n\n<figure class=\"wp-block-table has-small-font-size\"><table class=\"has-fixed-layout\"><thead><tr><th>Nombre<\/th><th>Titular<\/th><th>Datos recabados<\/th><th>Finalidad<\/th><th>Duraci\u00f3n<\/th><\/tr><\/thead><tbody><tr><td>_ga<\/td><td>Cookie propre<\/td><td>ID de l\u2019utilisateur \/ sessions des visiteurs<\/td><td>Analytique<\/td><td>2 ans<\/td><\/tr><tr><td>_gid<\/td><td>Cookie propre<\/td><td>ID de l\u2019utilisateur \/ sessions des visiteurs<\/td><td>Analytique<\/td><td>1 jour<\/td><\/tr><tr><td>_gat<\/td><td>Cookie propre<\/td><td>ID de l\u2019utilisateur \/ sessions des visiteurs<\/td><td>Analytique<\/td><td>1 minute<\/td><\/tr><tr><td>Search_samesite<\/td><td>Cookie tiers (Google)<\/td><td>Protection contre les attaques sur le site<\/td><td>Technique<\/td><td>\u00c0 la fermeture du navigateur<\/td><\/tr><tr><td>cc_cookie_decline \/ cc_cookie_accept<\/td><td>Cookie propre<\/td><td>Contr\u00f4le de l\u2019acceptation des cookies<\/td><td>Technique<\/td><td>Fin de session \/ 1 an<\/td><\/tr><\/tbody><\/table><\/figure>\n\n\n\n<p class=\"has-small-font-size\"><strong>De todas formas, le informamos que puede activar o desactivar las cookies siguiendo las instrucciones de su navegador de Internet:<\/strong><\/p>\n\n\n\n<figure class=\"wp-block-table has-small-font-size\"><table class=\"has-fixed-layout\"><tbody><tr><td>Chrome<\/td><td>Param\u00e8tres > Afficher les param\u00e8tres avanc\u00e9s > Confidentialit\u00e9 > Param\u00e8tres de contenu<\/td><td><a target=\"_blank\" href=\"https:\/\/support.google.com\/\" rel=\"noreferrer noopener\">support.google.com<\/a><\/td><\/tr><tr><td>Firefox<\/td><td>Outils > Options > Vie priv\u00e9e > Historique > Param\u00e8tres personnalis\u00e9s<\/td><td><a target=\"_blank\" href=\"https:\/\/support.mozilla.org\/\" rel=\"noreferrer noopener\">support.mozilla.org<\/a><\/td><\/tr><tr><td>Internet Explorer<\/td><td>Outils > Options Internet > Confidentialit\u00e9 > Param\u00e8tres<\/td><td><a target=\"_blank\" href=\"https:\/\/www.microsoft.com\/es-es\/windows\" rel=\"noreferrer noopener\">windows.microsoft.com<\/a><\/td><\/tr><tr><td>Opera<\/td><td>Outils > Pr\u00e9f\u00e9rences > Modifier les pr\u00e9f\u00e9rences > Cookies<\/td><td><a target=\"_blank\" href=\"http:\/\/www.opera.com\/help\/tutorials\/security\/cookies\/\" rel=\"noreferrer noopener\">http:\/\/www.opera.com\/help\/tutorials\/security\/cookies\/<\/a><\/td><\/tr><tr><td>Safari<\/td><td>Pr\u00e9f\u00e9rences > S\u00e9curit\u00e9<\/td><td><a target=\"_blank\" href=\"https:\/\/www.apple.com\/\" rel=\"noreferrer noopener\">www.apple.com<\/a><\/td><\/tr><tr><td>Edge<\/td><td>Param\u00e8tres > Afficher les param\u00e8tres avanc\u00e9s > Confidentialit\u00e9 et services > Cookies<\/td><td><a target=\"_blank\" href=\"https:\/\/support.google.com\/\" rel=\"noreferrer noopener\">https:\/\/privacy.microsoft.com\/es-es\/windows-10-microsoft-edge-and-privacy<\/a><\/td><\/tr><\/tbody><\/table><\/figure>\n\n\n\n<p><\/p>\n","protected":false},"excerpt":{"rendered":"<p>Informations relatives \u00e0 l\u2019utilisation des cookies Qu\u2019est-ce qu\u2019un cookie ? Les cookies sont de petits fichiers de donn\u00e9es envoy\u00e9s au terminal de l\u2019utilisateur par le site web consult\u00e9. Ils servent \u00e0 enregistrer certaines interactions de navigation sur un site web, en stockant des donn\u00e9es pouvant \u00eatre mises \u00e0 jour et r\u00e9cup\u00e9r\u00e9es ult\u00e9rieurement.Ces fichiers sont stock\u00e9s [&hellip;]<\/p>\n","protected":false},"author":2,"featured_media":0,"parent":0,"menu_order":0,"comment_status":"closed","ping_status":"closed","template":"blank","meta":{"footnotes":""},"class_list":["post-1253","page","type-page","status-publish","hentry"],"yoast_head":"<!-- This site is optimized with the Yoast SEO plugin v26.9 - https:\/\/yoast.com\/product\/yoast-seo-wordpress\/ -->\n<title>Informaci\u00f3n del uso de cookies - Gutmann<\/title>\n<meta name=\"robots\" content=\"index, follow, max-snippet:-1, max-image-preview:large, max-video-preview:-1\" \/>\n<link rel=\"canonical\" href=\"https:\/\/gutmannliving.com\/fr\/informacion-del-uso-de-cookies\/\" \/>\n<meta property=\"og:locale\" content=\"fr_FR\" \/>\n<meta property=\"og:type\" content=\"article\" \/>\n<meta property=\"og:title\" content=\"Informaci\u00f3n del uso de cookies - Gutmann\" \/>\n<meta property=\"og:description\" content=\"Informations relatives \u00e0 l\u2019utilisation des cookies Qu\u2019est-ce qu\u2019un cookie ? Les cookies sont de petits fichiers de donn\u00e9es envoy\u00e9s au terminal de l\u2019utilisateur par le site web consult\u00e9. Ils servent \u00e0 enregistrer certaines interactions de navigation sur un site web, en stockant des donn\u00e9es pouvant \u00eatre mises \u00e0 jour et r\u00e9cup\u00e9r\u00e9es ult\u00e9rieurement.Ces fichiers sont stock\u00e9s [&hellip;]\" \/>\n<meta property=\"og:url\" content=\"https:\/\/gutmannliving.com\/fr\/informacion-del-uso-de-cookies\/\" \/>\n<meta property=\"og:site_name\" content=\"Gutmann\" \/>\n<meta property=\"article:modified_time\" content=\"2025-12-16T12:21:50+00:00\" \/>\n<meta name=\"twitter:card\" content=\"summary_large_image\" \/>\n<meta name=\"twitter:label1\" content=\"Dur\u00e9e de lecture estim\u00e9e\" \/>\n\t<meta name=\"twitter:data1\" content=\"3 minutes\" \/>\n<script type=\"application\/ld+json\" class=\"yoast-schema-graph\">{\"@context\":\"https:\/\/schema.org\",\"@graph\":[{\"@type\":\"WebPage\",\"@id\":\"https:\/\/gutmannliving.com\/fr\/informacion-del-uso-de-cookies\/\",\"url\":\"https:\/\/gutmannliving.com\/fr\/informacion-del-uso-de-cookies\/\",\"name\":\"Informaci\u00f3n del uso de cookies - Gutmann\",\"isPartOf\":{\"@id\":\"https:\/\/gutmannliving.com\/#website\"},\"datePublished\":\"2025-11-03T09:45:42+00:00\",\"dateModified\":\"2025-12-16T12:21:50+00:00\",\"breadcrumb\":{\"@id\":\"https:\/\/gutmannliving.com\/fr\/informacion-del-uso-de-cookies\/#breadcrumb\"},\"inLanguage\":\"fr-FR\",\"potentialAction\":[{\"@type\":\"ReadAction\",\"target\":[\"https:\/\/gutmannliving.com\/fr\/informacion-del-uso-de-cookies\/\"]}]},{\"@type\":\"BreadcrumbList\",\"@id\":\"https:\/\/gutmannliving.com\/fr\/informacion-del-uso-de-cookies\/#breadcrumb\",\"itemListElement\":[{\"@type\":\"ListItem\",\"position\":1,\"name\":\"Portada\",\"item\":\"https:\/\/gutmannliving.com\/fr\/gutmann\/\"},{\"@type\":\"ListItem\",\"position\":2,\"name\":\"Informaci\u00f3n del uso de cookies\"}]},{\"@type\":\"WebSite\",\"@id\":\"https:\/\/gutmannliving.com\/#website\",\"url\":\"https:\/\/gutmannliving.com\/\",\"name\":\"Gutmann\",\"description\":\"\",\"publisher\":{\"@id\":\"https:\/\/gutmannliving.com\/#organization\"},\"potentialAction\":[{\"@type\":\"SearchAction\",\"target\":{\"@type\":\"EntryPoint\",\"urlTemplate\":\"https:\/\/gutmannliving.com\/?s={search_term_string}\"},\"query-input\":{\"@type\":\"PropertyValueSpecification\",\"valueRequired\":true,\"valueName\":\"search_term_string\"}}],\"inLanguage\":\"fr-FR\"},{\"@type\":\"Organization\",\"@id\":\"https:\/\/gutmannliving.com\/#organization\",\"name\":\"Gutmann\",\"url\":\"https:\/\/gutmannliving.com\/\",\"logo\":{\"@type\":\"ImageObject\",\"inLanguage\":\"fr-FR\",\"@id\":\"https:\/\/gutmannliving.com\/#\/schema\/logo\/image\/\",\"url\":\"https:\/\/gutmannliving.com\/wp-content\/uploads\/2025\/11\/Logo-Gutmann-scaled.png\",\"contentUrl\":\"https:\/\/gutmannliving.com\/wp-content\/uploads\/2025\/11\/Logo-Gutmann-scaled.png\",\"width\":2560,\"height\":396,\"caption\":\"Gutmann\"},\"image\":{\"@id\":\"https:\/\/gutmannliving.com\/#\/schema\/logo\/image\/\"},\"sameAs\":[\"https:\/\/www.instagram.com\/gutmannliving\/\",\"https:\/\/www.linkedin.com\/company\/gutmannliving\/\"]}]}<\/script>\n<!-- \/ Yoast SEO plugin. -->","yoast_head_json":{"title":"Informaci\u00f3n del uso de cookies - Gutmann","robots":{"index":"index","follow":"follow","max-snippet":"max-snippet:-1","max-image-preview":"max-image-preview:large","max-video-preview":"max-video-preview:-1"},"canonical":"https:\/\/gutmannliving.com\/fr\/informacion-del-uso-de-cookies\/","og_locale":"fr_FR","og_type":"article","og_title":"Informaci\u00f3n del uso de cookies - Gutmann","og_description":"Informations relatives \u00e0 l\u2019utilisation des cookies Qu\u2019est-ce qu\u2019un cookie ? Les cookies sont de petits fichiers de donn\u00e9es envoy\u00e9s au terminal de l\u2019utilisateur par le site web consult\u00e9. Ils servent \u00e0 enregistrer certaines interactions de navigation sur un site web, en stockant des donn\u00e9es pouvant \u00eatre mises \u00e0 jour et r\u00e9cup\u00e9r\u00e9es ult\u00e9rieurement.Ces fichiers sont stock\u00e9s [&hellip;]","og_url":"https:\/\/gutmannliving.com\/fr\/informacion-del-uso-de-cookies\/","og_site_name":"Gutmann","article_modified_time":"2025-12-16T12:21:50+00:00","twitter_card":"summary_large_image","twitter_misc":{"Dur\u00e9e de lecture estim\u00e9e":"3 minutes"},"schema":{"@context":"https:\/\/schema.org","@graph":[{"@type":"WebPage","@id":"https:\/\/gutmannliving.com\/fr\/informacion-del-uso-de-cookies\/","url":"https:\/\/gutmannliving.com\/fr\/informacion-del-uso-de-cookies\/","name":"Informaci\u00f3n del uso de cookies - Gutmann","isPartOf":{"@id":"https:\/\/gutmannliving.com\/#website"},"datePublished":"2025-11-03T09:45:42+00:00","dateModified":"2025-12-16T12:21:50+00:00","breadcrumb":{"@id":"https:\/\/gutmannliving.com\/fr\/informacion-del-uso-de-cookies\/#breadcrumb"},"inLanguage":"fr-FR","potentialAction":[{"@type":"ReadAction","target":["https:\/\/gutmannliving.com\/fr\/informacion-del-uso-de-cookies\/"]}]},{"@type":"BreadcrumbList","@id":"https:\/\/gutmannliving.com\/fr\/informacion-del-uso-de-cookies\/#breadcrumb","itemListElement":[{"@type":"ListItem","position":1,"name":"Portada","item":"https:\/\/gutmannliving.com\/fr\/gutmann\/"},{"@type":"ListItem","position":2,"name":"Informaci\u00f3n del uso de cookies"}]},{"@type":"WebSite","@id":"https:\/\/gutmannliving.com\/#website","url":"https:\/\/gutmannliving.com\/","name":"Gutmann","description":"","publisher":{"@id":"https:\/\/gutmannliving.com\/#organization"},"potentialAction":[{"@type":"SearchAction","target":{"@type":"EntryPoint","urlTemplate":"https:\/\/gutmannliving.com\/?s={search_term_string}"},"query-input":{"@type":"PropertyValueSpecification","valueRequired":true,"valueName":"search_term_string"}}],"inLanguage":"fr-FR"},{"@type":"Organization","@id":"https:\/\/gutmannliving.com\/#organization","name":"Gutmann","url":"https:\/\/gutmannliving.com\/","logo":{"@type":"ImageObject","inLanguage":"fr-FR","@id":"https:\/\/gutmannliving.com\/#\/schema\/logo\/image\/","url":"https:\/\/gutmannliving.com\/wp-content\/uploads\/2025\/11\/Logo-Gutmann-scaled.png","contentUrl":"https:\/\/gutmannliving.com\/wp-content\/uploads\/2025\/11\/Logo-Gutmann-scaled.png","width":2560,"height":396,"caption":"Gutmann"},"image":{"@id":"https:\/\/gutmannliving.com\/#\/schema\/logo\/image\/"},"sameAs":["https:\/\/www.instagram.com\/gutmannliving\/","https:\/\/www.linkedin.com\/company\/gutmannliving\/"]}]}},"_links":{"self":[{"href":"https:\/\/gutmannliving.com\/fr\/wp-json\/wp\/v2\/pages\/1253","targetHints":{"allow":["GET"]}}],"collection":[{"href":"https:\/\/gutmannliving.com\/fr\/wp-json\/wp\/v2\/pages"}],"about":[{"href":"https:\/\/gutmannliving.com\/fr\/wp-json\/wp\/v2\/types\/page"}],"author":[{"embeddable":true,"href":"https:\/\/gutmannliving.com\/fr\/wp-json\/wp\/v2\/users\/2"}],"replies":[{"embeddable":true,"href":"https:\/\/gutmannliving.com\/fr\/wp-json\/wp\/v2\/comments?post=1253"}],"version-history":[{"count":3,"href":"https:\/\/gutmannliving.com\/fr\/wp-json\/wp\/v2\/pages\/1253\/revisions"}],"predecessor-version":[{"id":1493,"href":"https:\/\/gutmannliving.com\/fr\/wp-json\/wp\/v2\/pages\/1253\/revisions\/1493"}],"wp:attachment":[{"href":"https:\/\/gutmannliving.com\/fr\/wp-json\/wp\/v2\/media?parent=1253"}],"curies":[{"name":"wp","href":"https:\/\/api.w.org\/{rel}","templated":true}]}}