{"id":1488,"date":"2025-03-10T17:34:48","date_gmt":"2025-03-10T17:34:48","guid":{"rendered":"https:\/\/gutmannliving.com\/politica-privacidad\/"},"modified":"2025-12-16T12:12:40","modified_gmt":"2025-12-16T12:12:40","slug":"politica-privacidad","status":"publish","type":"page","link":"https:\/\/gutmannliving.com\/fr\/politica-privacidad\/","title":{"rendered":"Pol\u00edtica Privacidad"},"content":{"rendered":"\n<div style=\"height:100px\" aria-hidden=\"true\" class=\"wp-block-spacer\"><\/div>\n\n\n\n<h1 class=\"wp-block-heading has-display-2-font-size\">Politique de confidentialit\u00e9<\/h1>\n\n\n\n<p class=\"has-small-font-size\">La confidentialit\u00e9 et la s\u00e9curit\u00e9 sont des valeurs fondamentales pour <strong>GUTMANN<\/strong>. \u00c0 ce titre, nous nous engageons \u00e0 garantir \u00e0 tout moment la protection de la vie priv\u00e9e de l\u2019Utilisateur et \u00e0 ne collecter que les donn\u00e9es strictement n\u00e9cessaires.<br>Vous trouverez ci-apr\u00e8s toutes les informations relatives \u00e0 notre Politique de confidentialit\u00e9 concernant les donn\u00e9es personnelles que nous collectons, en vous expliquant :<\/p>\n\n\n\n<ul class=\"wp-block-list\">\n<li class=\"has-small-font-size\">Qui est le responsable du traitement de vos donn\u00e9es ;<\/li>\n\n\n\n<li class=\"has-small-font-size\">\u00c0 quelles fins nous collectons les donn\u00e9es demand\u00e9es ;<\/li>\n\n\n\n<li class=\"has-small-font-size\">Quelle est la base l\u00e9gale du traitement ;<\/li>\n\n\n\n<li class=\"has-small-font-size\">Pendant combien de temps les donn\u00e9es sont conserv\u00e9es ;<\/li>\n\n\n\n<li class=\"has-small-font-size\">\u00c0 quels destinataires les donn\u00e9es sont communiqu\u00e9es ;<\/li>\n\n\n\n<li class=\"has-small-font-size\">Quels sont vos droits.<\/li>\n<\/ul>\n\n\n\n<p class=\"has-body-less-font-size\"><strong><strong>1. Responsable du traitement<\/strong><\/strong><\/p>\n\n\n\n<p class=\"has-small-font-size\"><strong>FRECAN S.L.U.<\/strong> (B66516386)<br>Carretera B-142 Km 8,4<br>08181 Sentmenat (Barcelone)<br>T\u00e9l. : +34 937 93 66 22<br>Contact : <a href=\"https:\/\/www.gutmannliving.com\/#contacto\">https:\/\/www.gutmannliving.com\/fr\/#contact<\/a><\/p>\n\n\n\n<p class=\"has-small-font-size\"><strong><strong>2. Finalit\u00e9s, base l\u00e9gale et dur\u00e9e de conservation des traitements des donn\u00e9es transmises via :<\/strong><\/strong><\/p>\n\n\n\n<h2 class=\"wp-block-heading\" style=\"font-size:clamp(14px, 0.875rem + ((1vw - 3.2px) * 0.682), 20px);\">Formulaire de contact<\/h2>\n\n\n\n<p class=\"has-small-font-size\"><strong>Finalit\u00e9 :<\/strong> Vous fournir un moyen de nous contacter et de r\u00e9pondre \u00e0 vos demandes d\u2019information, ainsi que vous adresser des communications relatives \u00e0 nos produits, services et activit\u00e9s, y compris par voie \u00e9lectronique (courrier \u00e9lectronique, SMS, WhatsApp), si vous cochez la case d\u2019acceptation.<\/p>\n\n\n\n<p class=\"has-small-font-size\"><strong>Base l\u00e9gale :<\/strong> Le consentement de l\u2019utilisateur lorsqu\u2019il nous sollicite via le formulaire de contact et lorsqu\u2019il coche la case autorisant l\u2019envoi d\u2019informations.<\/p>\n\n\n\n<p class=\"has-small-font-size\"><strong>Dur\u00e9e de conservation :<\/strong> Une fois la demande trait\u00e9e via le formulaire ou par courrier \u00e9lectronique, et si elle n\u2019a pas donn\u00e9 lieu \u00e0 un nouveau traitement. En cas d\u2019acceptation des communications commerciales, les donn\u00e9es seront conserv\u00e9es jusqu\u2019\u00e0 ce que l\u2019utilisateur demande la suppression de ces envois.<\/p>\n\n\n\n<h2 class=\"wp-block-heading has-body-font-size\">Envoi de courriers \u00e9lectroniques<\/h2>\n\n\n\n<p class=\"has-small-font-size\"><strong>Finalit\u00e9 :<\/strong> R\u00e9pondre \u00e0 vos demandes d\u2019information, traiter vos requ\u00eates et r\u00e9pondre \u00e0 vos questions ou commentaires.<\/p>\n\n\n\n<p class=\"has-small-font-size\"><strong>Base l\u00e9gale :<\/strong> Le consentement de l\u2019utilisateur lorsqu\u2019il nous contacte par courrier \u00e9lectronique.<\/p>\n\n\n\n<p class=\"has-small-font-size\"><strong>Dur\u00e9e de conservation :<\/strong> Une fois la demande trait\u00e9e, sauf si elle donne lieu \u00e0 un nouveau traitement.<\/p>\n\n\n\n<hr class=\"wp-block-separator has-alpha-channel-opacity\"\/>\n\n\n\n<p class=\"has-small-font-size\"><\/p>\n\n\n\n<h2 class=\"wp-block-heading has-body-font-size\"><strong>Cookies<\/strong><\/h2>\n\n\n\n<p class=\"has-small-font-size\">Ce site web utilise uniquement des cookies techniques, de personnalisation et d\u2019analyse, propres et de tiers (Google Analytics), qui ne traitent en aucun cas de donn\u00e9es personnelles et ne collectent pas d\u2019informations de navigation \u00e0 des fins publicitaires.<\/p>\n\n\n\n<p class=\"has-small-font-size\">Conform\u00e9ment \u00e0 l\u2019article 22 de la Loi sur les services de la soci\u00e9t\u00e9 de l\u2019information, lors de l\u2019acc\u00e8s \u00e0 notre site, nous avons sollicit\u00e9 votre consentement pour l\u2019utilisation des cookies d\u2019analyse et vous avons fourni les informations correspondantes. Ces cookies ne seront install\u00e9s qu\u2019apr\u00e8s un d\u00e9lai raisonnable permettant \u00e0 l\u2019utilisateur de d\u00e9cider s\u2019il souhaite donner son consentement ou non.<\/p>\n\n\n\n<h2 class=\"wp-block-heading has-body-font-size\"><strong>S\u00e9curit\u00e9 de vos donn\u00e9es personnelles<\/strong><\/h2>\n\n\n\n<p class=\"has-small-font-size\">Afin de garantir la s\u00e9curit\u00e9 de vos donn\u00e9es personnelles, nous vous informons que nous avons mis en \u0153uvre toutes les mesures techniques et organisationnelles n\u00e9cessaires pour pr\u00e9venir toute alt\u00e9ration, perte, traitement ou acc\u00e8s non autoris\u00e9 aux donn\u00e9es fournies.<\/p>\n\n\n\n<h2 class=\"wp-block-heading has-body-font-size\">Mise \u00e0 jour de vos donn\u00e9es<\/h2>\n\n\n\n<p class=\"has-small-font-size\">Il est important que vous nous informiez de toute modification de vos donn\u00e9es personnelles afin que nous puissions les maintenir \u00e0 jour. \u00c0 d\u00e9faut, nous ne saurions \u00eatre tenus responsables de leur exactitude.<\/p>\n\n\n\n<p class=\"has-small-font-size\">Nous ne sommes pas responsables de la politique de confidentialit\u00e9 applicable aux donn\u00e9es personnelles que vous pourriez communiquer \u00e0 des tiers via les liens disponibles sur notre site web.<\/p>\n\n\n\n<p class=\"has-small-font-size\">La pr\u00e9sente Politique de confidentialit\u00e9 peut \u00eatre modifi\u00e9e afin de l\u2019adapter aux \u00e9volutions de notre site web, ainsi qu\u2019aux modifications l\u00e9gislatives ou jurisprudentielles en mati\u00e8re de protection des donn\u00e9es personnelles. Nous vous recommandons donc de la consulter \u00e0 chaque fois que vous nous fournissez vos donn\u00e9es via ce site.<\/p>\n\n\n\n<p><\/p>\n","protected":false},"excerpt":{"rendered":"<p>Politique de confidentialit\u00e9 La confidentialit\u00e9 et la s\u00e9curit\u00e9 sont des valeurs fondamentales pour GUTMANN. \u00c0 ce titre, nous nous engageons \u00e0 garantir \u00e0 tout moment la protection de la vie priv\u00e9e de l\u2019Utilisateur et \u00e0 ne collecter que les donn\u00e9es strictement n\u00e9cessaires.Vous trouverez ci-apr\u00e8s toutes les informations relatives \u00e0 notre Politique de confidentialit\u00e9 concernant les [&hellip;]<\/p>\n","protected":false},"author":2,"featured_media":0,"parent":0,"menu_order":0,"comment_status":"closed","ping_status":"open","template":"blank","meta":{"footnotes":""},"class_list":["post-1488","page","type-page","status-publish","hentry"],"yoast_head":"<!-- This site is optimized with the Yoast SEO plugin v26.9 - https:\/\/yoast.com\/product\/yoast-seo-wordpress\/ -->\n<title>Pol\u00edtica Privacidad - Gutmann<\/title>\n<meta name=\"robots\" content=\"index, follow, max-snippet:-1, max-image-preview:large, max-video-preview:-1\" \/>\n<link rel=\"canonical\" href=\"https:\/\/gutmannliving.com\/fr\/politica-privacidad\/\" \/>\n<meta property=\"og:locale\" content=\"fr_FR\" \/>\n<meta property=\"og:type\" content=\"article\" \/>\n<meta property=\"og:title\" content=\"Pol\u00edtica Privacidad - Gutmann\" \/>\n<meta property=\"og:description\" content=\"Politique de confidentialit\u00e9 La confidentialit\u00e9 et la s\u00e9curit\u00e9 sont des valeurs fondamentales pour GUTMANN. \u00c0 ce titre, nous nous engageons \u00e0 garantir \u00e0 tout moment la protection de la vie priv\u00e9e de l\u2019Utilisateur et \u00e0 ne collecter que les donn\u00e9es strictement n\u00e9cessaires.Vous trouverez ci-apr\u00e8s toutes les informations relatives \u00e0 notre Politique de confidentialit\u00e9 concernant les [&hellip;]\" \/>\n<meta property=\"og:url\" content=\"https:\/\/gutmannliving.com\/fr\/politica-privacidad\/\" \/>\n<meta property=\"og:site_name\" content=\"Gutmann\" \/>\n<meta property=\"article:modified_time\" content=\"2025-12-16T12:12:40+00:00\" \/>\n<meta name=\"twitter:card\" content=\"summary_large_image\" \/>\n<meta name=\"twitter:label1\" content=\"Dur\u00e9e de lecture estim\u00e9e\" \/>\n\t<meta name=\"twitter:data1\" content=\"3 minutes\" \/>\n<script type=\"application\/ld+json\" class=\"yoast-schema-graph\">{\"@context\":\"https:\/\/schema.org\",\"@graph\":[{\"@type\":\"WebPage\",\"@id\":\"https:\/\/gutmannliving.com\/fr\/politica-privacidad\/\",\"url\":\"https:\/\/gutmannliving.com\/fr\/politica-privacidad\/\",\"name\":\"Pol\u00edtica Privacidad - Gutmann\",\"isPartOf\":{\"@id\":\"https:\/\/gutmannliving.com\/#website\"},\"datePublished\":\"2025-03-10T17:34:48+00:00\",\"dateModified\":\"2025-12-16T12:12:40+00:00\",\"breadcrumb\":{\"@id\":\"https:\/\/gutmannliving.com\/fr\/politica-privacidad\/#breadcrumb\"},\"inLanguage\":\"fr-FR\",\"potentialAction\":[{\"@type\":\"ReadAction\",\"target\":[\"https:\/\/gutmannliving.com\/fr\/politica-privacidad\/\"]}]},{\"@type\":\"BreadcrumbList\",\"@id\":\"https:\/\/gutmannliving.com\/fr\/politica-privacidad\/#breadcrumb\",\"itemListElement\":[{\"@type\":\"ListItem\",\"position\":1,\"name\":\"Portada\",\"item\":\"https:\/\/gutmannliving.com\/fr\/gutmann\/\"},{\"@type\":\"ListItem\",\"position\":2,\"name\":\"Pol\u00edtica Privacidad\"}]},{\"@type\":\"WebSite\",\"@id\":\"https:\/\/gutmannliving.com\/#website\",\"url\":\"https:\/\/gutmannliving.com\/\",\"name\":\"Gutmann\",\"description\":\"\",\"publisher\":{\"@id\":\"https:\/\/gutmannliving.com\/#organization\"},\"potentialAction\":[{\"@type\":\"SearchAction\",\"target\":{\"@type\":\"EntryPoint\",\"urlTemplate\":\"https:\/\/gutmannliving.com\/?s={search_term_string}\"},\"query-input\":{\"@type\":\"PropertyValueSpecification\",\"valueRequired\":true,\"valueName\":\"search_term_string\"}}],\"inLanguage\":\"fr-FR\"},{\"@type\":\"Organization\",\"@id\":\"https:\/\/gutmannliving.com\/#organization\",\"name\":\"Gutmann\",\"url\":\"https:\/\/gutmannliving.com\/\",\"logo\":{\"@type\":\"ImageObject\",\"inLanguage\":\"fr-FR\",\"@id\":\"https:\/\/gutmannliving.com\/#\/schema\/logo\/image\/\",\"url\":\"https:\/\/gutmannliving.com\/wp-content\/uploads\/2025\/11\/Logo-Gutmann-scaled.png\",\"contentUrl\":\"https:\/\/gutmannliving.com\/wp-content\/uploads\/2025\/11\/Logo-Gutmann-scaled.png\",\"width\":2560,\"height\":396,\"caption\":\"Gutmann\"},\"image\":{\"@id\":\"https:\/\/gutmannliving.com\/#\/schema\/logo\/image\/\"},\"sameAs\":[\"https:\/\/www.instagram.com\/gutmannliving\/\",\"https:\/\/www.linkedin.com\/company\/gutmannliving\/\"]}]}<\/script>\n<!-- \/ Yoast SEO plugin. -->","yoast_head_json":{"title":"Pol\u00edtica Privacidad - Gutmann","robots":{"index":"index","follow":"follow","max-snippet":"max-snippet:-1","max-image-preview":"max-image-preview:large","max-video-preview":"max-video-preview:-1"},"canonical":"https:\/\/gutmannliving.com\/fr\/politica-privacidad\/","og_locale":"fr_FR","og_type":"article","og_title":"Pol\u00edtica Privacidad - Gutmann","og_description":"Politique de confidentialit\u00e9 La confidentialit\u00e9 et la s\u00e9curit\u00e9 sont des valeurs fondamentales pour GUTMANN. \u00c0 ce titre, nous nous engageons \u00e0 garantir \u00e0 tout moment la protection de la vie priv\u00e9e de l\u2019Utilisateur et \u00e0 ne collecter que les donn\u00e9es strictement n\u00e9cessaires.Vous trouverez ci-apr\u00e8s toutes les informations relatives \u00e0 notre Politique de confidentialit\u00e9 concernant les [&hellip;]","og_url":"https:\/\/gutmannliving.com\/fr\/politica-privacidad\/","og_site_name":"Gutmann","article_modified_time":"2025-12-16T12:12:40+00:00","twitter_card":"summary_large_image","twitter_misc":{"Dur\u00e9e de lecture estim\u00e9e":"3 minutes"},"schema":{"@context":"https:\/\/schema.org","@graph":[{"@type":"WebPage","@id":"https:\/\/gutmannliving.com\/fr\/politica-privacidad\/","url":"https:\/\/gutmannliving.com\/fr\/politica-privacidad\/","name":"Pol\u00edtica Privacidad - Gutmann","isPartOf":{"@id":"https:\/\/gutmannliving.com\/#website"},"datePublished":"2025-03-10T17:34:48+00:00","dateModified":"2025-12-16T12:12:40+00:00","breadcrumb":{"@id":"https:\/\/gutmannliving.com\/fr\/politica-privacidad\/#breadcrumb"},"inLanguage":"fr-FR","potentialAction":[{"@type":"ReadAction","target":["https:\/\/gutmannliving.com\/fr\/politica-privacidad\/"]}]},{"@type":"BreadcrumbList","@id":"https:\/\/gutmannliving.com\/fr\/politica-privacidad\/#breadcrumb","itemListElement":[{"@type":"ListItem","position":1,"name":"Portada","item":"https:\/\/gutmannliving.com\/fr\/gutmann\/"},{"@type":"ListItem","position":2,"name":"Pol\u00edtica Privacidad"}]},{"@type":"WebSite","@id":"https:\/\/gutmannliving.com\/#website","url":"https:\/\/gutmannliving.com\/","name":"Gutmann","description":"","publisher":{"@id":"https:\/\/gutmannliving.com\/#organization"},"potentialAction":[{"@type":"SearchAction","target":{"@type":"EntryPoint","urlTemplate":"https:\/\/gutmannliving.com\/?s={search_term_string}"},"query-input":{"@type":"PropertyValueSpecification","valueRequired":true,"valueName":"search_term_string"}}],"inLanguage":"fr-FR"},{"@type":"Organization","@id":"https:\/\/gutmannliving.com\/#organization","name":"Gutmann","url":"https:\/\/gutmannliving.com\/","logo":{"@type":"ImageObject","inLanguage":"fr-FR","@id":"https:\/\/gutmannliving.com\/#\/schema\/logo\/image\/","url":"https:\/\/gutmannliving.com\/wp-content\/uploads\/2025\/11\/Logo-Gutmann-scaled.png","contentUrl":"https:\/\/gutmannliving.com\/wp-content\/uploads\/2025\/11\/Logo-Gutmann-scaled.png","width":2560,"height":396,"caption":"Gutmann"},"image":{"@id":"https:\/\/gutmannliving.com\/#\/schema\/logo\/image\/"},"sameAs":["https:\/\/www.instagram.com\/gutmannliving\/","https:\/\/www.linkedin.com\/company\/gutmannliving\/"]}]}},"_links":{"self":[{"href":"https:\/\/gutmannliving.com\/fr\/wp-json\/wp\/v2\/pages\/1488","targetHints":{"allow":["GET"]}}],"collection":[{"href":"https:\/\/gutmannliving.com\/fr\/wp-json\/wp\/v2\/pages"}],"about":[{"href":"https:\/\/gutmannliving.com\/fr\/wp-json\/wp\/v2\/types\/page"}],"author":[{"embeddable":true,"href":"https:\/\/gutmannliving.com\/fr\/wp-json\/wp\/v2\/users\/2"}],"replies":[{"embeddable":true,"href":"https:\/\/gutmannliving.com\/fr\/wp-json\/wp\/v2\/comments?post=1488"}],"version-history":[{"count":1,"href":"https:\/\/gutmannliving.com\/fr\/wp-json\/wp\/v2\/pages\/1488\/revisions"}],"predecessor-version":[{"id":1490,"href":"https:\/\/gutmannliving.com\/fr\/wp-json\/wp\/v2\/pages\/1488\/revisions\/1490"}],"wp:attachment":[{"href":"https:\/\/gutmannliving.com\/fr\/wp-json\/wp\/v2\/media?parent=1488"}],"curies":[{"name":"wp","href":"https:\/\/api.w.org\/{rel}","templated":true}]}}